{"id":73,"date":"2025-11-11T10:06:47","date_gmt":"2025-11-11T13:06:47","guid":{"rendered":"https:\/\/ipcsp.org.br\/marketplace\/login\/"},"modified":"2025-11-11T15:16:40","modified_gmt":"2025-11-11T18:16:40","slug":"login-cv","status":"publish","type":"page","link":"https:\/\/ipcsp.org.br\/marketplace\/login-cv\/","title":{"rendered":"Login"},"content":{"rendered":"\t\t<div data-elementor-type=\"wp-page\" data-elementor-id=\"73\" class=\"elementor elementor-73\" data-elementor-post-type=\"page\">\n\t\t\t\t<div class=\"elementor-element elementor-element-347450e e-flex e-con-boxed e-con e-parent\" data-id=\"347450e\" data-element_type=\"container\" data-settings=\"{&quot;background_background&quot;:&quot;video&quot;,&quot;background_play_on_mobile&quot;:&quot;yes&quot;,&quot;background_video_link&quot;:&quot;https:\\\/\\\/ipcsp.org.br\\\/wp-content\\\/uploads\\\/2025\\\/11\\\/Diseno-sin-titulo-18.mp4&quot;}\">\n\t\t\t\t\t<div class=\"e-con-inner\">\n\t\t<div class=\"elementor-background-video-container\" aria-hidden=\"true\">\n\t\t\t\t\t\t\t<video class=\"elementor-background-video-hosted\" autoplay muted playsinline loop><\/video>\n\t\t\t\t\t<\/div>\t\t<div class=\"elementor-element elementor-element-b8936cf elementor-widget elementor-widget-image\" data-id=\"b8936cf\" data-element_type=\"widget\" data-widget_type=\"image.default\">\n\t\t\t\t\t\t\t\t\t\t\t\t\t\t\t<img fetchpriority=\"high\" decoding=\"async\" width=\"264\" height=\"264\" src=\"https:\/\/ipcsp.org.br\/marketplace\/wp-content\/uploads\/2025\/11\/Recurso-4-1.png\" class=\"attachment-large size-large wp-image-22\" alt=\"\" srcset=\"https:\/\/ipcsp.org.br\/marketplace\/wp-content\/uploads\/2025\/11\/Recurso-4-1.png 264w, https:\/\/ipcsp.org.br\/marketplace\/wp-content\/uploads\/2025\/11\/Recurso-4-1-150x150.png 150w\" sizes=\"(max-width: 264px) 100vw, 264px\" \/>\t\t\t\t\t\t\t\t\t\t\t\t\t\t\t<\/div>\n\t\t\t\t<div class=\"elementor-element elementor-element-74344df elementor-widget__width-inherit elementor-widget elementor-widget-heading\" data-id=\"74344df\" data-element_type=\"widget\" data-widget_type=\"heading.default\">\n\t\t\t\t\t<h2 class=\"elementor-heading-title elementor-size-default\">Banco de Talentos<\/h2>\t\t\t\t<\/div>\n\t\t\t\t\t<\/div>\n\t\t\t\t<\/div>\n\t\t<div class=\"elementor-element elementor-element-60c806f e-flex e-con-boxed e-con e-parent\" data-id=\"60c806f\" data-element_type=\"container\">\n\t\t\t\t\t<div class=\"e-con-inner\">\n\t\t<div class=\"elementor-element elementor-element-a1a72d4 e-con-full e-flex e-con e-child\" data-id=\"a1a72d4\" data-element_type=\"container\">\n\t\t\t\t<div class=\"elementor-element elementor-element-22e4e9c elementor-widget elementor-widget-image\" data-id=\"22e4e9c\" data-element_type=\"widget\" data-widget_type=\"image.default\">\n\t\t\t\t\t\t\t\t\t\t\t\t\t\t\t<img decoding=\"async\" width=\"400\" height=\"424\" src=\"https:\/\/ipcsp.org.br\/marketplace\/wp-content\/uploads\/2025\/11\/chico.png\" class=\"attachment-large size-large wp-image-107\" alt=\"\" srcset=\"https:\/\/ipcsp.org.br\/marketplace\/wp-content\/uploads\/2025\/11\/chico.png 400w, https:\/\/ipcsp.org.br\/marketplace\/wp-content\/uploads\/2025\/11\/chico-283x300.png 283w\" sizes=\"(max-width: 400px) 100vw, 400px\" \/>\t\t\t\t\t\t\t\t\t\t\t\t\t\t\t<\/div>\n\t\t\t\t<\/div>\n\t\t<div class=\"elementor-element elementor-element-d1763ea e-con-full e-flex e-con e-child\" data-id=\"d1763ea\" data-element_type=\"container\">\n\t\t\t\t<div class=\"elementor-element elementor-element-2b0597b elementor-widget__width-inherit elementor-widget elementor-widget-heading\" data-id=\"2b0597b\" data-element_type=\"widget\" data-widget_type=\"heading.default\">\n\t\t\t\t\t<h2 class=\"elementor-heading-title elementor-size-default\">J\u00e1 possui cadastro? <b><br>acesse a sua conta<\/b><\/h2>\t\t\t\t<\/div>\n\t\t\t\t<\/div>\n\t\t\t\t\t<\/div>\n\t\t\t\t<\/div>\n\t\t<div class=\"elementor-element elementor-element-2a9f954 e-flex e-con-boxed e-con e-parent\" data-id=\"2a9f954\" data-element_type=\"container\">\n\t\t\t\t\t<div class=\"e-con-inner\">\n\t\t\t\t<div class=\"elementor-element elementor-element-4ef07c9 elementor-widget elementor-widget-shortcode\" data-id=\"4ef07c9\" data-element_type=\"widget\" data-widget_type=\"shortcode.default\">\n\t\t\t\t\t\t\t<div class=\"elementor-shortcode\">\n<div class=\"um um-login um-163\">\n\t<div class=\"um-form\">\n\t\t<form method=\"post\" action=\"\" autocomplete=\"off\">\n\t\t\t<div class=\"um-row _um_row_1 \" style=\"margin: 0 0 30px 0;\"><div class=\"um-col-1\"><div  id=\"um_field_163_username\" class=\"um-field um-field-text  um-field-username um-field-text um-field-type_text\" data-key=\"username\"><div class=\"um-field-label\"><label for=\"username-163\">Nome de usu\u00e1rio ou E-mail<\/label><div class=\"um-clear\"><\/div><\/div><div class=\"um-field-area\"><input  autocomplete=\"off\" class=\"um-form-field valid \" type=\"text\" name=\"username-163\" id=\"username-163\" value=\"\" placeholder=\"\" data-validate=\"unique_username_or_email\" data-key=\"username\"  aria-invalid=\"false\" \/>\n\n\t\t\t\t\t\t<\/div><\/div><div  id=\"um_field_163_user_password\" class=\"um-field um-field-password  um-field-user_password um-field-password um-field-type_password\" data-key=\"user_password\"><div class=\"um-field-label\"><label for=\"user_password-163\">Senha<\/label><div class=\"um-clear\"><\/div><\/div><div class=\"um-field-area\"><input class=\"um-form-field valid \" type=\"password\" name=\"user_password-163\" id=\"user_password-163\" value=\"\" placeholder=\"\" data-validate=\"\" data-key=\"user_password\"  aria-invalid=\"false\" \/>\n\n\t\t\t\t\t\t\t<\/div><\/div><\/div><\/div>\t<input type=\"hidden\" name=\"form_id\" id=\"form_id_163\" value=\"163\" \/>\n\t\t<p class=\"um_request_name\">\n\t\t<label for=\"um_request_163\">Only fill in if you are not human<\/label>\n\t\t<input type=\"hidden\" name=\"um_request\" id=\"um_request_163\" class=\"input\" value=\"\" size=\"25\" autocomplete=\"off\" \/>\n\t<\/p>\n\t<input type=\"hidden\" name=\"redirect_to\" id=\"redirect_to\" value=\"https:\/\/ipcsp.org.br\/marketplace\/marketplace\/conta\/\" \/><input type=\"hidden\" id=\"_wpnonce\" name=\"_wpnonce\" value=\"0ae64a1af3\" \/><input type=\"hidden\" name=\"_wp_http_referer\" value=\"\/marketplace\/wp-json\/wp\/v2\/pages\/73\" \/>\n\t<div class=\"um-col-alt\">\n\n\t\t\n\n\t\t\t<div class=\"um-field um-field-c\">\n\t\t\t\t<div class=\"um-field-area\">\n\t\t\t\t\t<label class=\"um-field-checkbox\">\n\t\t\t\t\t\t<input type=\"checkbox\" name=\"rememberme\" value=\"1\"  \/>\n\t\t\t\t\t\t<span class=\"um-field-checkbox-state\"><i class=\"um-icon-android-checkbox-outline-blank\"><\/i><\/span>\n\t\t\t\t\t\t<span class=\"um-field-checkbox-option\"> Manter-me conectado<\/span>\n\t\t\t\t\t<\/label>\n\t\t\t\t<\/div>\n\t\t\t<\/div>\n\n\t\t\t\t\t\t<div class=\"um-clear\"><\/div>\n\t\t\n\t\t\t<div class=\"um-center\">\n\t\t\t\t<input type=\"submit\" value=\"Entrar\" class=\"um-button\" id=\"um-submit-btn\" \/>\n\t\t\t<\/div>\n\n\t\t\n\t\t<div class=\"um-clear\"><\/div>\n\n\t<\/div>\n\n\t\n\t<div class=\"um-col-alt-b\">\n\t\t<a href=\"https:\/\/ipcsp.org.br\/marketplace\/password-reset\/\" class=\"um-link-alt\">\n\t\t\tEsqueceu sua senha?\t\t<\/a>\n\t<\/div>\n\n\t\t\t<\/form>\n\t<\/div>\n<\/div>\n<style>\n\t\t\t.um-163.um {\n\t\t\tmax-width: 450px;\n\t\t}\n\t\t<\/style>\n<\/div>\n\t\t\t\t\t\t<\/div>\n\t\t\t\t\t<\/div>\n\t\t\t\t<\/div>\n\t\t<div class=\"elementor-element elementor-element-725954a e-flex e-con-boxed e-con e-parent\" data-id=\"725954a\" data-element_type=\"container\">\n\t\t\t\t\t<div class=\"e-con-inner\">\n\t\t<div class=\"elementor-element elementor-element-e504e8c e-con-full e-flex e-con e-child\" data-id=\"e504e8c\" data-element_type=\"container\" data-settings=\"{&quot;background_background&quot;:&quot;classic&quot;}\">\n\t\t<div class=\"elementor-element elementor-element-ed3fd6f e-con-full e-flex e-con e-child\" data-id=\"ed3fd6f\" data-element_type=\"container\">\n\t\t<div class=\"elementor-element elementor-element-1b9a802 e-con-full e-flex e-con e-child\" data-id=\"1b9a802\" data-element_type=\"container\">\n\t\t\t\t<div class=\"elementor-element elementor-element-5408c74 elementor-widget__width-inherit elementor-widget elementor-widget-heading\" data-id=\"5408c74\" data-element_type=\"widget\" data-widget_type=\"heading.default\">\n\t\t\t\t\t<h2 class=\"elementor-heading-title elementor-size-default\">Se o seu perfil \u00e9 <br>de empresa, <br>fa\u00e7a login aqui.<\/h2>\t\t\t\t<\/div>\n\t\t\t\t<div class=\"elementor-element elementor-element-656bfff elementor-widget__width-initial elementor-widget elementor-widget-button\" data-id=\"656bfff\" data-element_type=\"widget\" data-widget_type=\"button.default\">\n\t\t\t\t\t\t\t\t\t\t<a class=\"elementor-button elementor-button-link elementor-size-sm\" href=\"https:\/\/ipcsp.org.br\/marketplace\/login-empresa\/\">\n\t\t\t\t\t\t<span class=\"elementor-button-content-wrapper\">\n\t\t\t\t\t\t<span class=\"elementor-button-icon\">\n\t\t\t\t<svg aria-hidden=\"true\" class=\"e-font-icon-svg e-fas-arrow-right\" viewBox=\"0 0 448 512\" xmlns=\"http:\/\/www.w3.org\/2000\/svg\"><path d=\"M190.5 66.9l22.2-22.2c9.4-9.4 24.6-9.4 33.9 0L441 239c9.4 9.4 9.4 24.6 0 33.9L246.6 467.3c-9.4 9.4-24.6 9.4-33.9 0l-22.2-22.2c-9.5-9.5-9.3-25 .4-34.3L311.4 296H24c-13.3 0-24-10.7-24-24v-32c0-13.3 10.7-24 24-24h287.4L190.9 101.2c-9.8-9.3-10-24.8-.4-34.3z\"><\/path><\/svg>\t\t\t<\/span>\n\t\t\t\t\t\t\t\t\t<span class=\"elementor-button-text\">Acesse a sua conta empresa <\/span>\n\t\t\t\t\t<\/span>\n\t\t\t\t\t<\/a>\n\t\t\t\t\t\t\t\t<\/div>\n\t\t\t\t<\/div>\n\t\t<div class=\"elementor-element elementor-element-d77c2fe e-con-full e-flex e-con e-child\" data-id=\"d77c2fe\" data-element_type=\"container\">\n\t\t\t\t<div class=\"elementor-element elementor-element-fd35729 elementor-widget__width-initial elementor-absolute elementor-hidden-mobile elementor-widget elementor-widget-image\" data-id=\"fd35729\" data-element_type=\"widget\" data-settings=\"{&quot;_position&quot;:&quot;absolute&quot;}\" data-widget_type=\"image.default\">\n\t\t\t\t\t\t\t\t\t\t\t\t\t\t\t<img decoding=\"async\" width=\"800\" height=\"579\" src=\"https:\/\/ipcsp.org.br\/marketplace\/wp-content\/uploads\/2025\/11\/Recurso-2-2.png\" class=\"attachment-large size-large wp-image-87\" alt=\"\" srcset=\"https:\/\/ipcsp.org.br\/marketplace\/wp-content\/uploads\/2025\/11\/Recurso-2-2.png 982w, https:\/\/ipcsp.org.br\/marketplace\/wp-content\/uploads\/2025\/11\/Recurso-2-2-300x217.png 300w, https:\/\/ipcsp.org.br\/marketplace\/wp-content\/uploads\/2025\/11\/Recurso-2-2-768x556.png 768w\" sizes=\"(max-width: 800px) 100vw, 800px\" \/>\t\t\t\t\t\t\t\t\t\t\t\t\t\t\t<\/div>\n\t\t\t\t<\/div>\n\t\t\t\t<\/div>\n\t\t\t\t<\/div>\n\t\t\t\t\t<\/div>\n\t\t\t\t<\/div>\n\t\t\t\t<\/div>\n\t\t","protected":false},"excerpt":{"rendered":"<p>Banco de Talentos J\u00e1 possui cadastro? acesse a sua conta Se o seu perfil \u00e9 de empresa, fa\u00e7a login aqui. Acesse a sua conta empresa<\/p>\n","protected":false},"author":1,"featured_media":0,"parent":0,"menu_order":0,"comment_status":"closed","ping_status":"closed","template":"","meta":{"footnotes":""},"class_list":["post-73","page","type-page","status-publish","hentry"],"_links":{"self":[{"href":"https:\/\/ipcsp.org.br\/marketplace\/wp-json\/wp\/v2\/pages\/73","targetHints":{"allow":["GET"]}}],"collection":[{"href":"https:\/\/ipcsp.org.br\/marketplace\/wp-json\/wp\/v2\/pages"}],"about":[{"href":"https:\/\/ipcsp.org.br\/marketplace\/wp-json\/wp\/v2\/types\/page"}],"author":[{"embeddable":true,"href":"https:\/\/ipcsp.org.br\/marketplace\/wp-json\/wp\/v2\/users\/1"}],"replies":[{"embeddable":true,"href":"https:\/\/ipcsp.org.br\/marketplace\/wp-json\/wp\/v2\/comments?post=73"}],"version-history":[{"count":20,"href":"https:\/\/ipcsp.org.br\/marketplace\/wp-json\/wp\/v2\/pages\/73\/revisions"}],"predecessor-version":[{"id":432,"href":"https:\/\/ipcsp.org.br\/marketplace\/wp-json\/wp\/v2\/pages\/73\/revisions\/432"}],"wp:attachment":[{"href":"https:\/\/ipcsp.org.br\/marketplace\/wp-json\/wp\/v2\/media?parent=73"}],"curies":[{"name":"wp","href":"https:\/\/api.w.org\/{rel}","templated":true}]}}