{"id":212,"date":"2025-11-11T10:50:00","date_gmt":"2025-11-11T13:50:00","guid":{"rendered":"https:\/\/ipcsp.org.br\/marketplace\/?page_id=212"},"modified":"2025-11-11T13:41:44","modified_gmt":"2025-11-11T16:41:44","slug":"banco-de-talentos","status":"publish","type":"page","link":"https:\/\/ipcsp.org.br\/marketplace\/banco-de-talentos\/","title":{"rendered":"Banco de Talentos"},"content":{"rendered":"\t\t<div data-elementor-type=\"wp-page\" data-elementor-id=\"212\" class=\"elementor elementor-212\" data-elementor-post-type=\"page\">\n\t\t\t\t<div class=\"elementor-element elementor-element-f97fb7e e-flex e-con-boxed e-con e-parent\" data-id=\"f97fb7e\" data-element_type=\"container\" data-settings=\"{&quot;background_background&quot;:&quot;video&quot;,&quot;background_play_on_mobile&quot;:&quot;yes&quot;,&quot;background_video_link&quot;:&quot;https:\\\/\\\/ipcsp.org.br\\\/wp-content\\\/uploads\\\/2025\\\/11\\\/Diseno-sin-titulo-18.mp4&quot;}\">\n\t\t\t\t\t<div class=\"e-con-inner\">\n\t\t<div class=\"elementor-background-video-container\" aria-hidden=\"true\">\n\t\t\t\t\t\t\t<video class=\"elementor-background-video-hosted\" autoplay muted playsinline loop><\/video>\n\t\t\t\t\t<\/div>\t\t<div class=\"elementor-element elementor-element-7280e07 elementor-widget elementor-widget-image\" data-id=\"7280e07\" data-element_type=\"widget\" data-widget_type=\"image.default\">\n\t\t\t\t\t\t\t\t\t\t\t\t\t\t\t<img fetchpriority=\"high\" decoding=\"async\" width=\"264\" height=\"264\" src=\"https:\/\/ipcsp.org.br\/marketplace\/wp-content\/uploads\/2025\/11\/Recurso-4-1.png\" class=\"attachment-large size-large wp-image-22\" alt=\"\" srcset=\"https:\/\/ipcsp.org.br\/marketplace\/wp-content\/uploads\/2025\/11\/Recurso-4-1.png 264w, https:\/\/ipcsp.org.br\/marketplace\/wp-content\/uploads\/2025\/11\/Recurso-4-1-150x150.png 150w\" sizes=\"(max-width: 264px) 100vw, 264px\" \/>\t\t\t\t\t\t\t\t\t\t\t\t\t\t\t<\/div>\n\t\t\t\t<div class=\"elementor-element elementor-element-c8f3828 elementor-widget__width-inherit elementor-widget elementor-widget-heading\" data-id=\"c8f3828\" data-element_type=\"widget\" data-widget_type=\"heading.default\">\n\t\t\t\t\t<h2 class=\"elementor-heading-title elementor-size-default\">Banco de Talentos<\/h2>\t\t\t\t<\/div>\n\t\t\t\t\t<\/div>\n\t\t\t\t<\/div>\n\t\t<div class=\"elementor-element elementor-element-1ffd517 e-flex e-con-boxed e-con e-parent\" data-id=\"1ffd517\" data-element_type=\"container\">\n\t\t\t\t\t<div class=\"e-con-inner\">\n\t\t<div class=\"elementor-element elementor-element-e56034d e-con-full e-flex e-con e-child\" data-id=\"e56034d\" data-element_type=\"container\">\n\t\t\t\t<div class=\"elementor-element elementor-element-3949058 elementor-widget__width-initial elementor-widget elementor-widget-heading\" data-id=\"3949058\" data-element_type=\"widget\" data-widget_type=\"heading.default\">\n\t\t\t\t\t<h2 class=\"elementor-heading-title elementor-size-default\">Procurando oportunidades\n<strong>de trabalho?<\/strong> <\/h2>\t\t\t\t<\/div>\n\t\t\t\t<div class=\"elementor-element elementor-element-055bcc1 elementor-widget__width-initial elementor-widget elementor-widget-heading\" data-id=\"055bcc1\" data-element_type=\"widget\" data-widget_type=\"heading.default\">\n\t\t\t\t\t<div class=\"elementor-heading-title elementor-size-default\">Cadastre-se na nossa plataforma e envie seu curr\u00edculo para que as empresas encontrem voc\u00ea.<\/div>\t\t\t\t<\/div>\n\t\t\t\t<\/div>\n\t\t\t\t\t<\/div>\n\t\t\t\t<\/div>\n\t\t<div class=\"elementor-element elementor-element-ec81157 e-flex e-con-boxed e-con e-parent\" data-id=\"ec81157\" data-element_type=\"container\">\n\t\t\t\t\t<div class=\"e-con-inner\">\n\t\t<div class=\"elementor-element elementor-element-db8865f e-con-full e-flex e-con e-child\" data-id=\"db8865f\" data-element_type=\"container\">\n\t\t\t\t<div class=\"elementor-element elementor-element-727de68 elementor-widget__width-initial elementor-widget elementor-widget-heading\" data-id=\"727de68\" data-element_type=\"widget\" data-widget_type=\"heading.default\">\n\t\t\t\t\t<h2 class=\"elementor-heading-title elementor-size-default\">\u00c9 novo usu\u00e1rio?<\/h2>\t\t\t\t<\/div>\n\t\t\t\t<div class=\"elementor-element elementor-element-2cb71d0 elementor-widget elementor-widget-image\" data-id=\"2cb71d0\" data-element_type=\"widget\" data-widget_type=\"image.default\">\n\t\t\t\t\t\t\t\t\t\t\t\t\t\t\t<img decoding=\"async\" width=\"400\" height=\"424\" src=\"https:\/\/ipcsp.org.br\/marketplace\/wp-content\/uploads\/2025\/11\/chica.png\" class=\"attachment-large size-large wp-image-112\" alt=\"\" srcset=\"https:\/\/ipcsp.org.br\/marketplace\/wp-content\/uploads\/2025\/11\/chica.png 400w, https:\/\/ipcsp.org.br\/marketplace\/wp-content\/uploads\/2025\/11\/chica-283x300.png 283w\" sizes=\"(max-width: 400px) 100vw, 400px\" \/>\t\t\t\t\t\t\t\t\t\t\t\t\t\t\t<\/div>\n\t\t\t\t<div class=\"elementor-element elementor-element-a84d4be elementor-align-center elementor-widget elementor-widget-button\" data-id=\"a84d4be\" data-element_type=\"widget\" data-widget_type=\"button.default\">\n\t\t\t\t\t\t\t\t\t\t<a class=\"elementor-button elementor-button-link elementor-size-sm\" href=\"https:\/\/ipcsp.org.br\/marketplace\/cadastro-cv\/\">\n\t\t\t\t\t\t<span class=\"elementor-button-content-wrapper\">\n\t\t\t\t\t\t<span class=\"elementor-button-icon\">\n\t\t\t\t<svg aria-hidden=\"true\" class=\"e-font-icon-svg e-fas-arrow-right\" viewBox=\"0 0 448 512\" xmlns=\"http:\/\/www.w3.org\/2000\/svg\"><path d=\"M190.5 66.9l22.2-22.2c9.4-9.4 24.6-9.4 33.9 0L441 239c9.4 9.4 9.4 24.6 0 33.9L246.6 467.3c-9.4 9.4-24.6 9.4-33.9 0l-22.2-22.2c-9.5-9.5-9.3-25 .4-34.3L311.4 296H24c-13.3 0-24-10.7-24-24v-32c0-13.3 10.7-24 24-24h287.4L190.9 101.2c-9.8-9.3-10-24.8-.4-34.3z\"><\/path><\/svg>\t\t\t<\/span>\n\t\t\t\t\t\t\t\t\t<span class=\"elementor-button-text\">Cadastre-se<\/span>\n\t\t\t\t\t<\/span>\n\t\t\t\t\t<\/a>\n\t\t\t\t\t\t\t\t<\/div>\n\t\t\t\t<\/div>\n\t\t<div class=\"elementor-element elementor-element-bf72047 e-con-full e-flex e-con e-child\" data-id=\"bf72047\" data-element_type=\"container\">\n\t\t\t\t<div class=\"elementor-element elementor-element-eb1c01f elementor-widget__width-initial elementor-widget elementor-widget-heading\" data-id=\"eb1c01f\" data-element_type=\"widget\" data-widget_type=\"heading.default\">\n\t\t\t\t\t<h2 class=\"elementor-heading-title elementor-size-default\">J\u00e1 possui cadastro?<\/h2>\t\t\t\t<\/div>\n\t\t\t\t<div class=\"elementor-element elementor-element-50b65a0 elementor-widget elementor-widget-image\" data-id=\"50b65a0\" data-element_type=\"widget\" data-widget_type=\"image.default\">\n\t\t\t\t\t\t\t\t\t\t\t\t\t\t\t<img decoding=\"async\" width=\"400\" height=\"424\" src=\"https:\/\/ipcsp.org.br\/marketplace\/wp-content\/uploads\/2025\/11\/chico.png\" class=\"attachment-large size-large wp-image-107\" alt=\"\" srcset=\"https:\/\/ipcsp.org.br\/marketplace\/wp-content\/uploads\/2025\/11\/chico.png 400w, https:\/\/ipcsp.org.br\/marketplace\/wp-content\/uploads\/2025\/11\/chico-283x300.png 283w\" sizes=\"(max-width: 400px) 100vw, 400px\" \/>\t\t\t\t\t\t\t\t\t\t\t\t\t\t\t<\/div>\n\t\t\t\t<div class=\"elementor-element elementor-element-34c8711 elementor-align-center elementor-widget elementor-widget-button\" data-id=\"34c8711\" data-element_type=\"widget\" data-widget_type=\"button.default\">\n\t\t\t\t\t\t\t\t\t\t<a class=\"elementor-button elementor-button-link elementor-size-sm\" href=\"https:\/\/ipcsp.org.br\/marketplace\/login-cv\/\">\n\t\t\t\t\t\t<span class=\"elementor-button-content-wrapper\">\n\t\t\t\t\t\t<span class=\"elementor-button-icon\">\n\t\t\t\t<svg aria-hidden=\"true\" class=\"e-font-icon-svg e-fas-arrow-right\" viewBox=\"0 0 448 512\" xmlns=\"http:\/\/www.w3.org\/2000\/svg\"><path d=\"M190.5 66.9l22.2-22.2c9.4-9.4 24.6-9.4 33.9 0L441 239c9.4 9.4 9.4 24.6 0 33.9L246.6 467.3c-9.4 9.4-24.6 9.4-33.9 0l-22.2-22.2c-9.5-9.5-9.3-25 .4-34.3L311.4 296H24c-13.3 0-24-10.7-24-24v-32c0-13.3 10.7-24 24-24h287.4L190.9 101.2c-9.8-9.3-10-24.8-.4-34.3z\"><\/path><\/svg>\t\t\t<\/span>\n\t\t\t\t\t\t\t\t\t<span class=\"elementor-button-text\">Acesse aqui<\/span>\n\t\t\t\t\t<\/span>\n\t\t\t\t\t<\/a>\n\t\t\t\t\t\t\t\t<\/div>\n\t\t\t\t<\/div>\n\t\t\t\t\t<\/div>\n\t\t\t\t<\/div>\n\t\t<div class=\"elementor-element elementor-element-5bf9178 e-flex e-con-boxed e-con e-parent\" data-id=\"5bf9178\" data-element_type=\"container\">\n\t\t\t\t\t<div class=\"e-con-inner\">\n\t\t<div class=\"elementor-element elementor-element-4157dd6 e-con-full e-flex e-con e-child\" data-id=\"4157dd6\" data-element_type=\"container\">\n\t\t\t\t<div class=\"elementor-element elementor-element-92e8bc3 elementor-widget__width-initial elementor-widget elementor-widget-heading\" data-id=\"92e8bc3\" data-element_type=\"widget\" data-widget_type=\"heading.default\">\n\t\t\t\t\t<h2 class=\"elementor-heading-title elementor-size-default\">Sua empresa est\u00e1 procurando \n<strong>novos talentos?<\/strong> <\/h2>\t\t\t\t<\/div>\n\t\t\t\t<div class=\"elementor-element elementor-element-667c9a9 elementor-widget__width-initial elementor-widget elementor-widget-heading\" data-id=\"667c9a9\" data-element_type=\"widget\" data-widget_type=\"heading.default\">\n\t\t\t\t\t<div class=\"elementor-heading-title elementor-size-default\">Cadastre sua empresa e tenha acesso ao nosso banco de talentos.<br> Encontre profissionais qualificados e prontos para fazer parte da sua equipe.<\/div>\t\t\t\t<\/div>\n\t\t\t\t<\/div>\n\t\t\t\t\t<\/div>\n\t\t\t\t<\/div>\n\t\t<div class=\"elementor-element elementor-element-764c3fd e-flex e-con-boxed e-con e-parent\" data-id=\"764c3fd\" data-element_type=\"container\">\n\t\t\t\t\t<div class=\"e-con-inner\">\n\t\t<div class=\"elementor-element elementor-element-99f783a e-con-full e-flex e-con e-child\" data-id=\"99f783a\" data-element_type=\"container\" data-settings=\"{&quot;background_background&quot;:&quot;classic&quot;}\">\n\t\t<div class=\"elementor-element elementor-element-17455ff e-con-full e-flex e-con e-child\" data-id=\"17455ff\" data-element_type=\"container\">\n\t\t<div class=\"elementor-element elementor-element-1653513 e-con-full e-flex e-con e-child\" data-id=\"1653513\" data-element_type=\"container\">\n\t\t\t\t<div class=\"elementor-element elementor-element-c748a98 elementor-widget__width-inherit elementor-widget elementor-widget-heading\" data-id=\"c748a98\" data-element_type=\"widget\" data-widget_type=\"heading.default\">\n\t\t\t\t\t<h2 class=\"elementor-heading-title elementor-size-default\">Procurando \ntalentos?<\/h2>\t\t\t\t<\/div>\n\t\t\t\t<div class=\"elementor-element elementor-element-9df1a89 elementor-widget__width-inherit elementor-widget elementor-widget-text-editor\" data-id=\"9df1a89\" data-element_type=\"widget\" data-widget_type=\"text-editor.default\">\n\t\t\t\t\t\t\t\t\t<p>Contamos com uma ampla base de profissionais qualificados<\/p>\t\t\t\t\t\t\t\t<\/div>\n\t\t\t\t<div class=\"elementor-element elementor-element-9959dd8 elementor-widget__width-initial elementor-widget elementor-widget-button\" data-id=\"9959dd8\" data-element_type=\"widget\" data-widget_type=\"button.default\">\n\t\t\t\t\t\t\t\t\t\t<a class=\"elementor-button elementor-button-link elementor-size-sm\" href=\"https:\/\/ipcsp.org.br\/marketplace\/cadastroempresa\/\">\n\t\t\t\t\t\t<span class=\"elementor-button-content-wrapper\">\n\t\t\t\t\t\t<span class=\"elementor-button-icon\">\n\t\t\t\t<svg aria-hidden=\"true\" class=\"e-font-icon-svg e-fas-arrow-right\" viewBox=\"0 0 448 512\" xmlns=\"http:\/\/www.w3.org\/2000\/svg\"><path d=\"M190.5 66.9l22.2-22.2c9.4-9.4 24.6-9.4 33.9 0L441 239c9.4 9.4 9.4 24.6 0 33.9L246.6 467.3c-9.4 9.4-24.6 9.4-33.9 0l-22.2-22.2c-9.5-9.5-9.3-25 .4-34.3L311.4 296H24c-13.3 0-24-10.7-24-24v-32c0-13.3 10.7-24 24-24h287.4L190.9 101.2c-9.8-9.3-10-24.8-.4-34.3z\"><\/path><\/svg>\t\t\t<\/span>\n\t\t\t\t\t\t\t\t\t<span class=\"elementor-button-text\">Cadastre sua empresa aqui<\/span>\n\t\t\t\t\t<\/span>\n\t\t\t\t\t<\/a>\n\t\t\t\t\t\t\t\t<\/div>\n\t\t\t\t<div class=\"elementor-element elementor-element-5d1b1eb elementor-widget__width-initial elementor-widget elementor-widget-button\" data-id=\"5d1b1eb\" data-element_type=\"widget\" data-widget_type=\"button.default\">\n\t\t\t\t\t\t\t\t\t\t<a class=\"elementor-button elementor-button-link elementor-size-sm\" href=\"https:\/\/ipcsp.org.br\/marketplace\/login-empresa\/\">\n\t\t\t\t\t\t<span class=\"elementor-button-content-wrapper\">\n\t\t\t\t\t\t<span class=\"elementor-button-icon\">\n\t\t\t\t<svg aria-hidden=\"true\" class=\"e-font-icon-svg e-fas-arrow-right\" viewBox=\"0 0 448 512\" xmlns=\"http:\/\/www.w3.org\/2000\/svg\"><path d=\"M190.5 66.9l22.2-22.2c9.4-9.4 24.6-9.4 33.9 0L441 239c9.4 9.4 9.4 24.6 0 33.9L246.6 467.3c-9.4 9.4-24.6 9.4-33.9 0l-22.2-22.2c-9.5-9.5-9.3-25 .4-34.3L311.4 296H24c-13.3 0-24-10.7-24-24v-32c0-13.3 10.7-24 24-24h287.4L190.9 101.2c-9.8-9.3-10-24.8-.4-34.3z\"><\/path><\/svg>\t\t\t<\/span>\n\t\t\t\t\t\t\t\t\t<span class=\"elementor-button-text\">Acesse a sua conta empresa <\/span>\n\t\t\t\t\t<\/span>\n\t\t\t\t\t<\/a>\n\t\t\t\t\t\t\t\t<\/div>\n\t\t\t\t<\/div>\n\t\t<div class=\"elementor-element elementor-element-522c910 e-con-full e-flex e-con e-child\" data-id=\"522c910\" data-element_type=\"container\">\n\t\t\t\t<div class=\"elementor-element elementor-element-2f118af elementor-widget__width-initial elementor-absolute elementor-hidden-mobile elementor-widget elementor-widget-image\" data-id=\"2f118af\" data-element_type=\"widget\" data-settings=\"{&quot;_position&quot;:&quot;absolute&quot;}\" data-widget_type=\"image.default\">\n\t\t\t\t\t\t\t\t\t\t\t\t\t\t\t<img loading=\"lazy\" decoding=\"async\" width=\"800\" height=\"579\" src=\"https:\/\/ipcsp.org.br\/marketplace\/wp-content\/uploads\/2025\/11\/Recurso-2-2.png\" class=\"attachment-large size-large wp-image-87\" alt=\"\" srcset=\"https:\/\/ipcsp.org.br\/marketplace\/wp-content\/uploads\/2025\/11\/Recurso-2-2.png 982w, https:\/\/ipcsp.org.br\/marketplace\/wp-content\/uploads\/2025\/11\/Recurso-2-2-300x217.png 300w, https:\/\/ipcsp.org.br\/marketplace\/wp-content\/uploads\/2025\/11\/Recurso-2-2-768x556.png 768w\" sizes=\"(max-width: 800px) 100vw, 800px\" \/>\t\t\t\t\t\t\t\t\t\t\t\t\t\t\t<\/div>\n\t\t\t\t<\/div>\n\t\t\t\t<\/div>\n\t\t\t\t<\/div>\n\t\t\t\t\t<\/div>\n\t\t\t\t<\/div>\n\t\t<div class=\"elementor-element elementor-element-9ceec1d e-flex e-con-boxed elementor-invisible e-con e-parent\" data-id=\"9ceec1d\" data-element_type=\"container\" data-settings=\"{&quot;animation&quot;:&quot;fadeInUp&quot;}\">\n\t\t\t\t\t<div class=\"e-con-inner\">\n\t\t<div class=\"elementor-element elementor-element-70d6d1b e-con-full e-flex e-con e-child\" data-id=\"70d6d1b\" data-element_type=\"container\" data-settings=\"{&quot;background_background&quot;:&quot;classic&quot;}\">\n\t\t<div class=\"elementor-element elementor-element-0aa509c e-con-full e-flex e-con e-child\" data-id=\"0aa509c\" data-element_type=\"container\">\n\t\t<div class=\"elementor-element elementor-element-0de9ace e-con-full e-flex e-con e-child\" data-id=\"0de9ace\" data-element_type=\"container\">\n\t\t\t\t<div class=\"elementor-element elementor-element-6b8494d elementor-widget__width-inherit elementor-widget elementor-widget-heading\" data-id=\"6b8494d\" data-element_type=\"widget\" data-widget_type=\"heading.default\">\n\t\t\t\t\t<h2 class=\"elementor-heading-title elementor-size-default\">Hub IPC<\/h2>\t\t\t\t<\/div>\n\t\t\t\t<div class=\"elementor-element elementor-element-070564c elementor-widget__width-inherit elementor-widget elementor-widget-text-editor\" data-id=\"070564c\" data-element_type=\"widget\" data-widget_type=\"text-editor.default\">\n\t\t\t\t\t\t\t\t\tConectando e impulsionando neg\u00f3cios. Seu futuro, nossa miss\u00e3oo.\t\t\t\t\t\t\t\t<\/div>\n\t\t\t\t<div class=\"elementor-element elementor-element-8297a1d elementor-widget__width-inherit elementor-widget elementor-widget-button\" data-id=\"8297a1d\" data-element_type=\"widget\" data-widget_type=\"button.default\">\n\t\t\t\t\t\t\t\t\t\t<a class=\"elementor-button elementor-button-link elementor-size-sm\" href=\"https:\/\/ipcsp.org.br\/marketplace\">\n\t\t\t\t\t\t<span class=\"elementor-button-content-wrapper\">\n\t\t\t\t\t\t<span class=\"elementor-button-icon\">\n\t\t\t\t<svg aria-hidden=\"true\" class=\"e-font-icon-svg e-fas-arrow-right\" viewBox=\"0 0 448 512\" xmlns=\"http:\/\/www.w3.org\/2000\/svg\"><path d=\"M190.5 66.9l22.2-22.2c9.4-9.4 24.6-9.4 33.9 0L441 239c9.4 9.4 9.4 24.6 0 33.9L246.6 467.3c-9.4 9.4-24.6 9.4-33.9 0l-22.2-22.2c-9.5-9.5-9.3-25 .4-34.3L311.4 296H24c-13.3 0-24-10.7-24-24v-32c0-13.3 10.7-24 24-24h287.4L190.9 101.2c-9.8-9.3-10-24.8-.4-34.3z\"><\/path><\/svg>\t\t\t<\/span>\n\t\t\t\t\t\t\t\t\t<span class=\"elementor-button-text\">Saiba mais<\/span>\n\t\t\t\t\t<\/span>\n\t\t\t\t\t<\/a>\n\t\t\t\t\t\t\t\t<\/div>\n\t\t\t\t<\/div>\n\t\t<div class=\"elementor-element elementor-element-afb2465 e-con-full e-flex e-con e-child\" data-id=\"afb2465\" data-element_type=\"container\">\n\t\t\t\t<div class=\"elementor-element elementor-element-ed7f138 elementor-widget__width-initial elementor-absolute elementor-hidden-mobile elementor-widget elementor-widget-image\" data-id=\"ed7f138\" data-element_type=\"widget\" data-settings=\"{&quot;_position&quot;:&quot;absolute&quot;}\" data-widget_type=\"image.default\">\n\t\t\t\t\t\t\t\t\t\t\t\t\t\t\t<img loading=\"lazy\" decoding=\"async\" width=\"800\" height=\"558\" src=\"https:\/\/ipcsp.org.br\/marketplace\/wp-content\/uploads\/2025\/11\/Recurso-1-1.png\" class=\"attachment-large size-large wp-image-214\" alt=\"\" srcset=\"https:\/\/ipcsp.org.br\/marketplace\/wp-content\/uploads\/2025\/11\/Recurso-1-1.png 1011w, https:\/\/ipcsp.org.br\/marketplace\/wp-content\/uploads\/2025\/11\/Recurso-1-1-300x209.png 300w, https:\/\/ipcsp.org.br\/marketplace\/wp-content\/uploads\/2025\/11\/Recurso-1-1-768x536.png 768w\" sizes=\"(max-width: 800px) 100vw, 800px\" \/>\t\t\t\t\t\t\t\t\t\t\t\t\t\t\t<\/div>\n\t\t\t\t<\/div>\n\t\t\t\t<\/div>\n\t\t\t\t<\/div>\n\t\t\t\t\t<\/div>\n\t\t\t\t<\/div>\n\t\t\t\t<\/div>\n\t\t","protected":false},"excerpt":{"rendered":"<p>Banco de Talentos Procurando oportunidades de trabalho? Cadastre-se na nossa plataforma e envie seu curr\u00edculo para que as empresas encontrem voc\u00ea. \u00c9 novo usu\u00e1rio? Cadastre-se J\u00e1 possui cadastro? Acesse aqui Sua empresa est\u00e1 procurando novos talentos? Cadastre sua empresa e tenha acesso ao nosso banco de talentos. Encontre profissionais qualificados e prontos para fazer parte [&hellip;]<\/p>\n","protected":false},"author":1,"featured_media":0,"parent":0,"menu_order":0,"comment_status":"closed","ping_status":"closed","template":"","meta":{"footnotes":""},"class_list":["post-212","page","type-page","status-publish","hentry"],"_links":{"self":[{"href":"https:\/\/ipcsp.org.br\/marketplace\/wp-json\/wp\/v2\/pages\/212","targetHints":{"allow":["GET"]}}],"collection":[{"href":"https:\/\/ipcsp.org.br\/marketplace\/wp-json\/wp\/v2\/pages"}],"about":[{"href":"https:\/\/ipcsp.org.br\/marketplace\/wp-json\/wp\/v2\/types\/page"}],"author":[{"embeddable":true,"href":"https:\/\/ipcsp.org.br\/marketplace\/wp-json\/wp\/v2\/users\/1"}],"replies":[{"embeddable":true,"href":"https:\/\/ipcsp.org.br\/marketplace\/wp-json\/wp\/v2\/comments?post=212"}],"version-history":[{"count":30,"href":"https:\/\/ipcsp.org.br\/marketplace\/wp-json\/wp\/v2\/pages\/212\/revisions"}],"predecessor-version":[{"id":362,"href":"https:\/\/ipcsp.org.br\/marketplace\/wp-json\/wp\/v2\/pages\/212\/revisions\/362"}],"wp:attachment":[{"href":"https:\/\/ipcsp.org.br\/marketplace\/wp-json\/wp\/v2\/media?parent=212"}],"curies":[{"name":"wp","href":"https:\/\/api.w.org\/{rel}","templated":true}]}}