{"id":198,"date":"2025-11-11T10:46:31","date_gmt":"2025-11-11T13:46:31","guid":{"rendered":"https:\/\/ipcsp.org.br\/marketplace\/?page_id=198"},"modified":"2025-11-11T14:44:10","modified_gmt":"2025-11-11T17:44:10","slug":"cadastroempresa","status":"publish","type":"page","link":"https:\/\/ipcsp.org.br\/marketplace\/cadastroempresa\/","title":{"rendered":"CadastroEmpresa"},"content":{"rendered":"\t\t<div data-elementor-type=\"wp-page\" data-elementor-id=\"198\" class=\"elementor elementor-198\" data-elementor-post-type=\"page\">\n\t\t\t\t<div class=\"elementor-element elementor-element-32e08d6 e-flex e-con-boxed e-con e-parent\" data-id=\"32e08d6\" data-element_type=\"container\" data-settings=\"{&quot;background_background&quot;:&quot;video&quot;,&quot;background_play_on_mobile&quot;:&quot;yes&quot;,&quot;background_video_link&quot;:&quot;https:\\\/\\\/ipcsp.org.br\\\/wp-content\\\/uploads\\\/2025\\\/11\\\/Diseno-sin-titulo-18.mp4&quot;}\">\n\t\t\t\t\t<div class=\"e-con-inner\">\n\t\t<div class=\"elementor-background-video-container\" aria-hidden=\"true\">\n\t\t\t\t\t\t\t<video class=\"elementor-background-video-hosted\" autoplay muted playsinline loop><\/video>\n\t\t\t\t\t<\/div>\t\t<div class=\"elementor-element elementor-element-8d22ea5 elementor-widget elementor-widget-image\" data-id=\"8d22ea5\" data-element_type=\"widget\" data-widget_type=\"image.default\">\n\t\t\t\t\t\t\t\t\t\t\t\t\t\t\t<img fetchpriority=\"high\" decoding=\"async\" width=\"264\" height=\"264\" src=\"https:\/\/ipcsp.org.br\/marketplace\/wp-content\/uploads\/2025\/11\/Recurso-4-1.png\" class=\"attachment-large size-large wp-image-22\" alt=\"\" srcset=\"https:\/\/ipcsp.org.br\/marketplace\/wp-content\/uploads\/2025\/11\/Recurso-4-1.png 264w, https:\/\/ipcsp.org.br\/marketplace\/wp-content\/uploads\/2025\/11\/Recurso-4-1-150x150.png 150w\" sizes=\"(max-width: 264px) 100vw, 264px\" \/>\t\t\t\t\t\t\t\t\t\t\t\t\t\t\t<\/div>\n\t\t\t\t<div class=\"elementor-element elementor-element-61a339b elementor-widget__width-inherit elementor-widget elementor-widget-heading\" data-id=\"61a339b\" data-element_type=\"widget\" data-widget_type=\"heading.default\">\n\t\t\t\t\t<h2 class=\"elementor-heading-title elementor-size-default\">Banco de Talentos<\/h2>\t\t\t\t<\/div>\n\t\t\t\t\t<\/div>\n\t\t\t\t<\/div>\n\t\t<div class=\"elementor-element elementor-element-86cc0c8 e-flex e-con-boxed e-con e-parent\" data-id=\"86cc0c8\" data-element_type=\"container\">\n\t\t\t\t\t<div class=\"e-con-inner\">\n\t\t<div class=\"elementor-element elementor-element-812bd00 e-con-full e-flex e-con e-child\" data-id=\"812bd00\" data-element_type=\"container\">\n\t\t\t\t<div class=\"elementor-element elementor-element-92d0172 elementor-widget elementor-widget-image\" data-id=\"92d0172\" data-element_type=\"widget\" data-widget_type=\"image.default\">\n\t\t\t\t\t\t\t\t\t\t\t\t\t\t\t<img decoding=\"async\" width=\"400\" height=\"424\" src=\"https:\/\/ipcsp.org.br\/marketplace\/wp-content\/uploads\/2025\/11\/Empresa.png\" class=\"attachment-large size-large wp-image-200\" alt=\"\" srcset=\"https:\/\/ipcsp.org.br\/marketplace\/wp-content\/uploads\/2025\/11\/Empresa.png 400w, https:\/\/ipcsp.org.br\/marketplace\/wp-content\/uploads\/2025\/11\/Empresa-283x300.png 283w\" sizes=\"(max-width: 400px) 100vw, 400px\" \/>\t\t\t\t\t\t\t\t\t\t\t\t\t\t\t<\/div>\n\t\t\t\t<\/div>\n\t\t<div class=\"elementor-element elementor-element-64c564e e-con-full e-flex e-con e-child\" data-id=\"64c564e\" data-element_type=\"container\">\n\t\t\t\t<div class=\"elementor-element elementor-element-118bb3c elementor-widget__width-inherit elementor-widget elementor-widget-heading\" data-id=\"118bb3c\" data-element_type=\"widget\" data-widget_type=\"heading.default\">\n\t\t\t\t\t<h2 class=\"elementor-heading-title elementor-size-default\">\u00c9 novo usu\u00e1rio? <b><br>fa\u00e7a o cadastro da sua empresa<\/b>\n<\/h2>\t\t\t\t<\/div>\n\t\t\t\t<\/div>\n\t\t\t\t\t<\/div>\n\t\t\t\t<\/div>\n\t\t<div class=\"elementor-element elementor-element-3e84794 e-flex e-con-boxed e-con e-parent\" data-id=\"3e84794\" data-element_type=\"container\">\n\t\t\t\t\t<div class=\"e-con-inner\">\n\t\t<div class=\"elementor-element elementor-element-fa09fa0 e-con-full e-flex e-con e-child\" data-id=\"fa09fa0\" data-element_type=\"container\">\n\t\t\t\t<\/div>\n\t\t<div class=\"elementor-element elementor-element-e5ec604 e-con-full e-flex e-con e-child\" data-id=\"e5ec604\" data-element_type=\"container\">\n\t\t\t\t<div class=\"elementor-element elementor-element-9a26f70 elementor-widget__width-inherit elementor-widget elementor-widget-shortcode\" data-id=\"9a26f70\" data-element_type=\"widget\" data-widget_type=\"shortcode.default\">\n\t\t\t\t\t\t\t<div class=\"elementor-shortcode\">\n<div class=\"um um-register um-106\">\n\t<div class=\"um-form\" data-mode=\"register\">\n\t\t<form method=\"post\" action=\"\">\n\t\t\t<div class=\"um-row _um_row_1 \" style=\"margin: 0 0 30px 0;\"><div class=\"um-col-1\"><div  id=\"um_field_106_user_login\" class=\"um-field um-field-text  um-field-user_login um-field-text um-field-type_text\" data-key=\"user_login\"><div class=\"um-field-label\"><label for=\"user_login-106\">Nome de usu\u00e1rio<\/label><div class=\"um-clear\"><\/div><\/div><div class=\"um-field-area\"><input  autocomplete=\"off\" class=\"um-form-field valid \" type=\"text\" name=\"user_login-106\" id=\"user_login-106\" value=\"\" placeholder=\"\" data-validate=\"unique_username\" data-key=\"user_login\"  aria-invalid=\"false\" \/>\n\n\t\t\t\t\t\t<\/div><\/div><div  id=\"um_field_106_user_email\" class=\"um-field um-field-text  um-field-user_email um-field-text um-field-type_text\" data-key=\"user_email\"><div class=\"um-field-label\"><label for=\"user_email-106\">Endere\u00e7o de email<\/label><div class=\"um-clear\"><\/div><\/div><div class=\"um-field-area\"><input  autocomplete=\"off\" class=\"um-form-field valid \" type=\"text\" name=\"user_email-106\" id=\"user_email-106\" value=\"\" placeholder=\"\" data-validate=\"unique_email\" data-key=\"user_email\"  aria-invalid=\"false\" \/>\n\n\t\t\t\t\t\t<\/div><\/div><div  id=\"um_field_106_user_password\" class=\"um-field um-field-password  um-field-user_password um-field-password um-field-type_password\" data-key=\"user_password\"><div class=\"um-field-label\"><label for=\"user_password-106\">Senha<\/label><div class=\"um-clear\"><\/div><\/div><div class=\"um-field-area\"><input class=\"um-form-field valid \" type=\"password\" name=\"user_password-106\" id=\"user_password-106\" value=\"\" placeholder=\"\" data-validate=\"\" data-key=\"user_password\"  aria-invalid=\"false\" \/>\n\n\t\t\t\t\t\t\t<\/div><\/div><div  id=\"um_field_106_confirm_user_password\" class=\"um-field um-field-password  um-field-user_password um-field-password um-field-type_password\" data-key=\"confirm_user_password\"><div class=\"um-field-label\"><label for=\"confirm_user_password-106\">Confirme a senha<\/label><div class=\"um-clear\"><\/div><\/div><div class=\"um-field-area\"><input class=\"um-form-field valid \" type=\"password\" name=\"confirm_user_password-106\" id=\"confirm_user_password-106\" value=\"\" placeholder=\"Confirme a senha\" data-validate=\"\" data-key=\"confirm_user_password\"  aria-invalid=\"false\" \/><\/div><\/div><div  id=\"um_field_106_cnpj\" class=\"um-field um-field-text  um-field-cnpj um-field-text um-field-type_text\" data-key=\"cnpj\"><div class=\"um-field-label\"><label for=\"cnpj-106\">CNPJ \/ CPF<\/label><div class=\"um-clear\"><\/div><\/div><div class=\"um-field-area\"><input  autocomplete=\"off\" class=\"um-form-field valid not-required \" type=\"text\" name=\"cnpj-106\" id=\"cnpj-106\" value=\"\" placeholder=\"\" data-validate=\"numeric\" data-key=\"cnpj\"  aria-invalid=\"false\" \/>\n\n\t\t\t\t\t\t<\/div><\/div><div  id=\"um_field_106_nome_empresa\" class=\"um-field um-field-text  um-field-nome_empresa um-field-text um-field-type_text\" data-key=\"nome_empresa\"><div class=\"um-field-label\"><label for=\"nome_empresa-106\">Nome da empresa<\/label><div class=\"um-clear\"><\/div><\/div><div class=\"um-field-area\"><input  autocomplete=\"off\" class=\"um-form-field valid not-required \" type=\"text\" name=\"nome_empresa-106\" id=\"nome_empresa-106\" value=\"\" placeholder=\"\" data-validate=\"\" data-key=\"nome_empresa\"  aria-invalid=\"false\" \/>\n\n\t\t\t\t\t\t<\/div><\/div><div  id=\"um_field_106_phone_number\" class=\"um-field um-field-tel  um-field-phone_number um-field-tel um-field-type_tel\" data-key=\"phone_number\"><div class=\"um-field-label\"><label for=\"phone_number-106\">Telefone<\/label><div class=\"um-clear\"><\/div><\/div><div class=\"um-field-area\"><input  autocomplete=\"off\" class=\"um-form-field valid not-required \" type=\"tel\" name=\"phone_number-106\" id=\"phone_number-106\" value=\"\" placeholder=\"\" data-validate=\"phone_number\" data-key=\"phone_number\"  aria-invalid=\"false\" \/>\n\n\t\t\t\t\t\t<\/div><\/div><div  id=\"um_field_106_segmento\" class=\"um-field um-field-text  um-field-segmento um-field-text um-field-type_text\" data-key=\"segmento\"><div class=\"um-field-label\"><label for=\"segmento-106\">Segmento<\/label><div class=\"um-clear\"><\/div><\/div><div class=\"um-field-area\"><input  autocomplete=\"off\" class=\"um-form-field valid not-required \" type=\"text\" name=\"segmento-106\" id=\"segmento-106\" value=\"\" placeholder=\"\" data-validate=\"\" data-key=\"segmento\"  aria-invalid=\"false\" \/>\n\n\t\t\t\t\t\t<\/div><\/div><div  id=\"um_field_106_descricaonegocio\" class=\"um-field um-field-textarea  um-field-descricaonegocio um-field-textarea um-field-type_textarea\" data-key=\"descricaonegocio\"><div class=\"um-field-area\"><textarea    style=\"height: 100px;\" class=\"um-form-field valid not-required \" name=\"descricaonegocio\" id=\"descricaonegocio\" placeholder=\"\"  aria-invalid=\"false\" ><\/textarea><\/div><\/div><div  id=\"um_field_106_privacidade\" class=\"um-field um-field-checkbox  um-field-privacidade um-field-checkbox um-field-type_checkbox\" data-key=\"privacidade\"  aria-invalid=\"false\" ><div class=\"um-field-label\"><label for=\"privacidade-106\">Pol\u00edticas de privacidade<\/label><div class=\"um-clear\"><\/div><\/div><div class=\"um-field-area\"><label class=\"um-field-checkbox  um-field-half \"><input   type=\"checkbox\" name=\"privacidade[]\" value=\"Ao clicar, voc\u00ea declara que concorda com nossa Pol\u00edtica de Privacidade e com a Lei Geral de Prote\u00e7\u00e3o de Dados (LGPD).\"  \/><span class=\"um-field-checkbox-state\"><i class=\"um-icon-android-checkbox-outline-blank\"><\/i><\/span><span class=\"um-field-checkbox-option\">Ao clicar, voc\u00ea declara que concorda com nossa Pol\u00edtica de Privacidade e com a Lei Geral de Prote\u00e7\u00e3o de Dados (LGPD).<\/span><\/label><div class=\"um-clear\"><\/div><\/div><\/div><\/div><\/div>\t<input type=\"hidden\" name=\"form_id\" id=\"form_id_106\" value=\"106\" \/>\n\t\t<p class=\"um_request_name\">\n\t\t<label for=\"um_request_106\">Only fill in if you are not human<\/label>\n\t\t<input type=\"hidden\" name=\"um_request\" id=\"um_request_106\" class=\"input\" value=\"\" size=\"25\" autocomplete=\"off\" \/>\n\t<\/p>\n\t<input type=\"hidden\" id=\"_wpnonce\" name=\"_wpnonce\" value=\"e3bdf910ae\" \/><input type=\"hidden\" name=\"_wp_http_referer\" value=\"\/marketplace\/wp-json\/wp\/v2\/pages\/198\" \/>\n\t<div class=\"um-col-alt\">\n\n\t\t\n\t\t\t<div class=\"um-center\">\n\t\t\t\t<input type=\"submit\" value=\"Cadastrar\" class=\"um-button\" id=\"um-submit-btn\" \/>\n\t\t\t<\/div>\n\n\t\t\n\t\t<div class=\"um-clear\"><\/div>\n\n\t<\/div>\n\n\t\t\t<\/form>\n\t<\/div>\n<\/div>\n<style>\n\t\t\t.um-106.um {\n\t\t\tmax-width: 450px;\n\t\t}\n\t\t<\/style>\n<\/div>\n\t\t\t\t\t\t<\/div>\n\t\t\t\t<\/div>\n\t\t<div class=\"elementor-element elementor-element-e477b73 e-con-full e-flex e-con e-child\" data-id=\"e477b73\" data-element_type=\"container\">\n\t\t\t\t<\/div>\n\t\t\t\t\t<\/div>\n\t\t\t\t<\/div>\n\t\t\t\t<\/div>\n\t\t","protected":false},"excerpt":{"rendered":"<p>Banco de Talentos \u00c9 novo usu\u00e1rio? fa\u00e7a o cadastro da sua empresa<\/p>\n","protected":false},"author":1,"featured_media":0,"parent":0,"menu_order":0,"comment_status":"closed","ping_status":"closed","template":"","meta":{"footnotes":""},"class_list":["post-198","page","type-page","status-publish","hentry"],"_links":{"self":[{"href":"https:\/\/ipcsp.org.br\/marketplace\/wp-json\/wp\/v2\/pages\/198","targetHints":{"allow":["GET"]}}],"collection":[{"href":"https:\/\/ipcsp.org.br\/marketplace\/wp-json\/wp\/v2\/pages"}],"about":[{"href":"https:\/\/ipcsp.org.br\/marketplace\/wp-json\/wp\/v2\/types\/page"}],"author":[{"embeddable":true,"href":"https:\/\/ipcsp.org.br\/marketplace\/wp-json\/wp\/v2\/users\/1"}],"replies":[{"embeddable":true,"href":"https:\/\/ipcsp.org.br\/marketplace\/wp-json\/wp\/v2\/comments?post=198"}],"version-history":[{"count":13,"href":"https:\/\/ipcsp.org.br\/marketplace\/wp-json\/wp\/v2\/pages\/198\/revisions"}],"predecessor-version":[{"id":404,"href":"https:\/\/ipcsp.org.br\/marketplace\/wp-json\/wp\/v2\/pages\/198\/revisions\/404"}],"wp:attachment":[{"href":"https:\/\/ipcsp.org.br\/marketplace\/wp-json\/wp\/v2\/media?parent=198"}],"curies":[{"name":"wp","href":"https:\/\/api.w.org\/{rel}","templated":true}]}}